{"id":179,"date":"2023-09-21T07:15:34","date_gmt":"2023-09-21T07:15:34","guid":{"rendered":"http:\/\/translate.vdreamcruises.com\/about-us\/"},"modified":"2024-01-02T09:57:39","modified_gmt":"2024-01-02T09:57:39","slug":"gioi-thieu","status":"publish","type":"page","link":"https:\/\/vdreamcruises.com\/vi\/gioi-thieu\/","title":{"rendered":"Gi\u1edbi thi\u1ec7u"},"content":{"rendered":"<p>V-Dream l\u00e0 m\u1ed9t d\u00f2ng du thuy\u1ec1n tham quan v\u1ecbnh H\u1ea1 Long trong ng\u00e0y \u0111\u1ea1t ti\u00eau chu\u1ea9n 5 sao ho\u00e0n to\u00e0n m\u1edbi, v\u1edbi s\u1ee9c ch\u1ee9a 99 h\u00e0nh kh\u00e1ch, v\u1eeba \u0111\u01b0\u1ee3c h\u1ea1 th\u1ee7y v\u00e0o th\u00e1ng 7 n\u0103m 2023. V\u1edbi c\u00e1c th\u00f4ng s\u1ed1 \u1ea5n t\u01b0\u1ee3ng, bao g\u1ed3m chi\u1ec1u d\u00e0i 31m v\u00e0 chi\u1ec1u r\u1ed9ng 9,5m, V-Dream \u0111\u01b0\u1ee3c thi\u1ebft k\u1ebf th\u00e0nh 3 t\u1ea7ng tinh t\u1ebf \u0111\u1ec3 mang l\u1ea1i tr\u1ea3i nghi\u1ec7m kh\u00f4ng gi\u1edbi h\u1ea1n cho du kh\u00e1ch. T\u1ea7ng 1 l\u00e0 nh\u00e0 h\u00e0ng sang tr\u1ecdng, n\u01a1i b\u1ea1n c\u00f3 th\u1ec3 th\u01b0\u1edfng th\u1ee9c nh\u1eefng m\u00f3n ngon \u0111a d\u1ea1ng. S\u1ee9c ch\u1ee9a l\u00ean \u0111\u1ebfn 99 ng\u01b0\u1eddi \u0111\u1ea3m b\u1ea3o kh\u00f4ng gian tho\u1ea3i m\u00e1i cho m\u1ecdi kh\u00e1ch h\u00e0ng. B\u1eefa tr\u01b0a t\u1ef1 ch\u1ecdn buffet t\u1ea1i \u0111\u00e2y \u0111\u01b0\u1ee3c th\u1ef1c hi\u1ec7n b\u1edfi \u0111\u1ea7u b\u1ebfp l\u00e0nh ngh\u1ec1, \u0111\u1ea3m b\u1ea3o s\u1ef1 t\u01b0\u01a1i ngon v\u00e0 \u0111a d\u1ea1ng c\u1ee7a m\u00f3n \u0103n.<\/p>\n<p>T\u1ea7ng 2 c\u1ee7a V-Dream l\u00e0 n\u01a1i k\u1ebft h\u1ee3p gi\u1eefa nh\u00e0 h\u00e0ng ti\u1ec7n nghi v\u00e0 b\u1ec3 s\u1ee5c ngo\u00e0i tr\u1eddi th\u00fa v\u1ecb. \u0110\u00e2y l\u00e0 n\u01a1i l\u00fd t\u01b0\u1edfng \u0111\u1ec3 th\u01b0 gi\u00e3n v\u00e0 ng\u1eafm nh\u00ecn v\u1ebb \u0111\u1eb9p c\u1ee7a V\u1ecbnh H\u1ea1 Long trong kh\u00f4ng gian tho\u1ea3i m\u00e1i v\u00e0 \u1ea5m c\u00fang c\u1ee7a b\u1ec3 s\u1ee5c.<\/p>\n<p>Cu\u1ed1i c\u00f9ng, t\u1ea7ng 3 c\u1ee7a du thuy\u1ec1n l\u00e0 khu v\u1ef1c s\u00e2n t\u1eafm n\u1eafng v\u00e0 boong t\u1eafm n\u1eafng, n\u01a1i b\u1ea1n c\u00f3 th\u1ec3 th\u01b0 gi\u00e3n d\u01b0\u1edbi n\u1eafng v\u00e0 t\u1eadn h\u01b0\u1edfng kh\u00f4ng gian bi\u1ec3n c\u1ea3 r\u1ed9ng l\u1edbn. V\u1edbi thi\u1ebft k\u1ebf tinh t\u1ebf v\u00e0 ti\u1ec7n nghi hi\u1ec7n \u0111\u1ea1i, V-Dream mang \u0111\u1ebfn m\u1ed9t tr\u1ea3i nghi\u1ec7m du l\u1ecbch bi\u1ec3n \u0111\u1eb3ng c\u1ea5p ch\u01b0a t\u1eebng c\u00f3.<\/p>\n<p>Du thuy\u1ec1n V Dream Cruise chuy\u00ean t\u1ed5 ch\u1ee9c tour tham quan V\u1ecbnh H\u1ea1 Long 1 ng\u00e0y v\u00e0 n\u1eeda ng\u00e0y, gi\u00fap b\u1ea1n kh\u00e1m ph\u00e1 nh\u1eefng \u0111i\u1ec3m \u0111\u1eb9p nh\u1ea5t c\u1ee7a v\u1ecbnh H\u1ea1 Long trong kho\u1ea3ng th\u1eddi gian ng\u1eafn nh\u01b0ng \u0111\u1ea7y \u00fd ngh\u0129a. H\u00e3y \u0111\u1ec3 ch\u00fang t\u00f4i \u0111\u01b0a b\u1ea1n v\u00e0o cu\u1ed9c h\u00e0nh tr\u00ecnh \u0111\u00e1ng nh\u1edb v\u00e0 t\u1ea1o d\u1ea5u \u1ea5n kh\u00f3 qu\u00ean t\u1ea1i V\u1ecbnh H\u1ea1 Long.<\/p>\n","protected":false},"excerpt":{"rendered":"<p>V-Dream l\u00e0 m\u1ed9t d\u00f2ng du thuy\u1ec1n tham quan v\u1ecbnh H\u1ea1 Long trong ng\u00e0y \u0111\u1ea1t ti\u00eau chu\u1ea9n 5 sao ho\u00e0n to\u00e0n m\u1edbi, v\u1edbi s\u1ee9c ch\u1ee9a 99 h\u00e0nh kh\u00e1ch, v\u1eeba \u0111\u01b0\u1ee3c h\u1ea1 th\u1ee7y v\u00e0o th\u00e1ng 7 n\u0103m 2023. V\u1edbi c\u00e1c th\u00f4ng s\u1ed1 \u1ea5n t\u01b0\u1ee3ng, bao g\u1ed3m chi\u1ec1u d\u00e0i 31m v\u00e0 chi\u1ec1u r\u1ed9ng 9,5m, V-Dream \u0111\u01b0\u1ee3c thi\u1ebft k\u1ebf [&hellip;]<\/p>\n","protected":false},"author":1,"featured_media":380,"parent":0,"menu_order":0,"comment_status":"closed","ping_status":"closed","template":"page-about.php","meta":{"footnotes":""},"class_list":["post-179","page","type-page","status-publish","has-post-thumbnail","hentry"],"acf":[],"yoast_head":"<!-- This site is optimized with the Yoast SEO plugin v27.2 - https:\/\/yoast.com\/product\/yoast-seo-wordpress\/ -->\n<title>Gi\u1edbi thi\u1ec7u - V-Dream Cruise - Du Thuy\u1ec1n Tham Quan V\u1ecbnh H\u1ea1 Long 1 Ng\u00e0y<\/title>\n<meta name=\"robots\" content=\"index, follow, max-snippet:-1, max-image-preview:large, max-video-preview:-1\" \/>\n<link rel=\"canonical\" href=\"https:\/\/vdreamcruises.com\/vi\/gioi-thieu\/\" \/>\n<meta property=\"og:locale\" content=\"vi_VN\" \/>\n<meta property=\"og:type\" content=\"article\" \/>\n<meta property=\"og:title\" content=\"Gi\u1edbi thi\u1ec7u - V-Dream Cruise - Du Thuy\u1ec1n Tham Quan V\u1ecbnh H\u1ea1 Long 1 Ng\u00e0y\" \/>\n<meta property=\"og:description\" content=\"V-Dream l\u00e0 m\u1ed9t d\u00f2ng du thuy\u1ec1n tham quan v\u1ecbnh H\u1ea1 Long trong ng\u00e0y \u0111\u1ea1t ti\u00eau chu\u1ea9n 5 sao ho\u00e0n to\u00e0n m\u1edbi, v\u1edbi s\u1ee9c ch\u1ee9a 99 h\u00e0nh kh\u00e1ch, v\u1eeba \u0111\u01b0\u1ee3c h\u1ea1 th\u1ee7y v\u00e0o th\u00e1ng 7 n\u0103m 2023. V\u1edbi c\u00e1c th\u00f4ng s\u1ed1 \u1ea5n t\u01b0\u1ee3ng, bao g\u1ed3m chi\u1ec1u d\u00e0i 31m v\u00e0 chi\u1ec1u r\u1ed9ng 9,5m, V-Dream \u0111\u01b0\u1ee3c thi\u1ebft k\u1ebf [&hellip;]\" \/>\n<meta property=\"og:url\" content=\"https:\/\/vdreamcruises.com\/vi\/gioi-thieu\/\" \/>\n<meta property=\"og:site_name\" content=\"V-Dream Cruise - Du Thuy\u1ec1n Tham Quan V\u1ecbnh H\u1ea1 Long 1 Ng\u00e0y\" \/>\n<meta property=\"article:publisher\" content=\"https:\/\/www.facebook.com\/vdreamcruises\" \/>\n<meta property=\"article:modified_time\" content=\"2024-01-02T09:57:39+00:00\" \/>\n<meta property=\"og:image\" content=\"https:\/\/vdreamcruises.com\/wp-content\/uploads\/2023\/10\/vdreamcruise2-1024x665-1.jpg\" \/>\n\t<meta property=\"og:image:width\" content=\"1024\" \/>\n\t<meta property=\"og:image:height\" content=\"665\" \/>\n\t<meta property=\"og:image:type\" content=\"image\/jpeg\" \/>\n<meta name=\"twitter:card\" content=\"summary_large_image\" \/>\n<meta name=\"twitter:label1\" content=\"Est. reading time\" \/>\n\t<meta name=\"twitter:data1\" content=\"2 minutes\" \/>\n<script type=\"application\/ld+json\" class=\"yoast-schema-graph\">{\"@context\":\"https:\/\/schema.org\",\"@graph\":[{\"@type\":\"WebPage\",\"@id\":\"https:\/\/vdreamcruises.com\/vi\/gioi-thieu\/\",\"url\":\"https:\/\/vdreamcruises.com\/vi\/gioi-thieu\/\",\"name\":\"Gi\u1edbi thi\u1ec7u - V-Dream Cruise - Du Thuy\u1ec1n Tham Quan V\u1ecbnh H\u1ea1 Long 1 Ng\u00e0y\",\"isPartOf\":{\"@id\":\"https:\/\/vdreamcruises.com\/#website\"},\"primaryImageOfPage\":{\"@id\":\"https:\/\/vdreamcruises.com\/vi\/gioi-thieu\/#primaryimage\"},\"image\":{\"@id\":\"https:\/\/vdreamcruises.com\/vi\/gioi-thieu\/#primaryimage\"},\"thumbnailUrl\":\"https:\/\/vdreamcruises.com\/wp-content\/uploads\/2023\/10\/vdreamcruise2-1024x665-1.jpg\",\"datePublished\":\"2023-09-21T07:15:34+00:00\",\"dateModified\":\"2024-01-02T09:57:39+00:00\",\"breadcrumb\":{\"@id\":\"https:\/\/vdreamcruises.com\/vi\/gioi-thieu\/#breadcrumb\"},\"inLanguage\":\"vi-VN\",\"potentialAction\":[{\"@type\":\"ReadAction\",\"target\":[\"https:\/\/vdreamcruises.com\/vi\/gioi-thieu\/\"]}]},{\"@type\":\"ImageObject\",\"inLanguage\":\"vi-VN\",\"@id\":\"https:\/\/vdreamcruises.com\/vi\/gioi-thieu\/#primaryimage\",\"url\":\"https:\/\/vdreamcruises.com\/wp-content\/uploads\/2023\/10\/vdreamcruise2-1024x665-1.jpg\",\"contentUrl\":\"https:\/\/vdreamcruises.com\/wp-content\/uploads\/2023\/10\/vdreamcruise2-1024x665-1.jpg\",\"width\":1024,\"height\":665},{\"@type\":\"BreadcrumbList\",\"@id\":\"https:\/\/vdreamcruises.com\/vi\/gioi-thieu\/#breadcrumb\",\"itemListElement\":[{\"@type\":\"ListItem\",\"position\":1,\"name\":\"Home\",\"item\":\"https:\/\/vdreamcruises.com\/\"},{\"@type\":\"ListItem\",\"position\":2,\"name\":\"Gi\u1edbi thi\u1ec7u\"}]},{\"@type\":\"WebSite\",\"@id\":\"https:\/\/vdreamcruises.com\/#website\",\"url\":\"https:\/\/vdreamcruises.com\/\",\"name\":\"V-Dream Cruises Official - Halong Day Tour - Halong Group Tour\",\"description\":\"V-Dream Cruise chuy\u00ean t\u1ed5 ch\u1ee9c tour tham quan v\u1ecbnh H\u1ea1 Long 4 ti\u1ebfng, 6 ti\u1ebfng, 8 ti\u1ebfng\",\"publisher\":{\"@id\":\"https:\/\/vdreamcruises.com\/#organization\"},\"alternateName\":\"Halong Day Tour - Halong daily Tour\",\"potentialAction\":[{\"@type\":\"SearchAction\",\"target\":{\"@type\":\"EntryPoint\",\"urlTemplate\":\"https:\/\/vdreamcruises.com\/?s={search_term_string}\"},\"query-input\":{\"@type\":\"PropertyValueSpecification\",\"valueRequired\":true,\"valueName\":\"search_term_string\"}}],\"inLanguage\":\"vi-VN\"},{\"@type\":\"Organization\",\"@id\":\"https:\/\/vdreamcruises.com\/#organization\",\"name\":\"V-Dream Cruises Official - Halong Day Tour - Halong Group Tour\",\"alternateName\":\"Halong Daily Tour - Halong Cruise Day Tour\",\"url\":\"https:\/\/vdreamcruises.com\/\",\"logo\":{\"@type\":\"ImageObject\",\"inLanguage\":\"vi-VN\",\"@id\":\"https:\/\/vdreamcruises.com\/#\/schema\/logo\/image\/\",\"url\":\"https:\/\/vdreamcruises.com\/wp-content\/uploads\/2023\/05\/logo160.png\",\"contentUrl\":\"https:\/\/vdreamcruises.com\/wp-content\/uploads\/2023\/05\/logo160.png\",\"width\":450,\"height\":96,\"caption\":\"V-Dream Cruises Official - Halong Day Tour - Halong Group Tour\"},\"image\":{\"@id\":\"https:\/\/vdreamcruises.com\/#\/schema\/logo\/image\/\"},\"sameAs\":[\"https:\/\/www.facebook.com\/vdreamcruises\"]}]}<\/script>\n<!-- \/ Yoast SEO plugin. -->","yoast_head_json":{"title":"Gi\u1edbi thi\u1ec7u - V-Dream Cruise - Du Thuy\u1ec1n Tham Quan V\u1ecbnh H\u1ea1 Long 1 Ng\u00e0y","robots":{"index":"index","follow":"follow","max-snippet":"max-snippet:-1","max-image-preview":"max-image-preview:large","max-video-preview":"max-video-preview:-1"},"canonical":"https:\/\/vdreamcruises.com\/vi\/gioi-thieu\/","og_locale":"vi_VN","og_type":"article","og_title":"Gi\u1edbi thi\u1ec7u - V-Dream Cruise - Du Thuy\u1ec1n Tham Quan V\u1ecbnh H\u1ea1 Long 1 Ng\u00e0y","og_description":"V-Dream l\u00e0 m\u1ed9t d\u00f2ng du thuy\u1ec1n tham quan v\u1ecbnh H\u1ea1 Long trong ng\u00e0y \u0111\u1ea1t ti\u00eau chu\u1ea9n 5 sao ho\u00e0n to\u00e0n m\u1edbi, v\u1edbi s\u1ee9c ch\u1ee9a 99 h\u00e0nh kh\u00e1ch, v\u1eeba \u0111\u01b0\u1ee3c h\u1ea1 th\u1ee7y v\u00e0o th\u00e1ng 7 n\u0103m 2023. V\u1edbi c\u00e1c th\u00f4ng s\u1ed1 \u1ea5n t\u01b0\u1ee3ng, bao g\u1ed3m chi\u1ec1u d\u00e0i 31m v\u00e0 chi\u1ec1u r\u1ed9ng 9,5m, V-Dream \u0111\u01b0\u1ee3c thi\u1ebft k\u1ebf [&hellip;]","og_url":"https:\/\/vdreamcruises.com\/vi\/gioi-thieu\/","og_site_name":"V-Dream Cruise - Du Thuy\u1ec1n Tham Quan V\u1ecbnh H\u1ea1 Long 1 Ng\u00e0y","article_publisher":"https:\/\/www.facebook.com\/vdreamcruises","article_modified_time":"2024-01-02T09:57:39+00:00","og_image":[{"width":1024,"height":665,"url":"https:\/\/vdreamcruises.com\/wp-content\/uploads\/2023\/10\/vdreamcruise2-1024x665-1.jpg","type":"image\/jpeg"}],"twitter_card":"summary_large_image","twitter_misc":{"Est. reading time":"2 minutes"},"schema":{"@context":"https:\/\/schema.org","@graph":[{"@type":"WebPage","@id":"https:\/\/vdreamcruises.com\/vi\/gioi-thieu\/","url":"https:\/\/vdreamcruises.com\/vi\/gioi-thieu\/","name":"Gi\u1edbi thi\u1ec7u - V-Dream Cruise - Du Thuy\u1ec1n Tham Quan V\u1ecbnh H\u1ea1 Long 1 Ng\u00e0y","isPartOf":{"@id":"https:\/\/vdreamcruises.com\/#website"},"primaryImageOfPage":{"@id":"https:\/\/vdreamcruises.com\/vi\/gioi-thieu\/#primaryimage"},"image":{"@id":"https:\/\/vdreamcruises.com\/vi\/gioi-thieu\/#primaryimage"},"thumbnailUrl":"https:\/\/vdreamcruises.com\/wp-content\/uploads\/2023\/10\/vdreamcruise2-1024x665-1.jpg","datePublished":"2023-09-21T07:15:34+00:00","dateModified":"2024-01-02T09:57:39+00:00","breadcrumb":{"@id":"https:\/\/vdreamcruises.com\/vi\/gioi-thieu\/#breadcrumb"},"inLanguage":"vi-VN","potentialAction":[{"@type":"ReadAction","target":["https:\/\/vdreamcruises.com\/vi\/gioi-thieu\/"]}]},{"@type":"ImageObject","inLanguage":"vi-VN","@id":"https:\/\/vdreamcruises.com\/vi\/gioi-thieu\/#primaryimage","url":"https:\/\/vdreamcruises.com\/wp-content\/uploads\/2023\/10\/vdreamcruise2-1024x665-1.jpg","contentUrl":"https:\/\/vdreamcruises.com\/wp-content\/uploads\/2023\/10\/vdreamcruise2-1024x665-1.jpg","width":1024,"height":665},{"@type":"BreadcrumbList","@id":"https:\/\/vdreamcruises.com\/vi\/gioi-thieu\/#breadcrumb","itemListElement":[{"@type":"ListItem","position":1,"name":"Home","item":"https:\/\/vdreamcruises.com\/"},{"@type":"ListItem","position":2,"name":"Gi\u1edbi thi\u1ec7u"}]},{"@type":"WebSite","@id":"https:\/\/vdreamcruises.com\/#website","url":"https:\/\/vdreamcruises.com\/","name":"V-Dream Cruises Official - Halong Day Tour - Halong Group Tour","description":"V-Dream Cruise chuy\u00ean t\u1ed5 ch\u1ee9c tour tham quan v\u1ecbnh H\u1ea1 Long 4 ti\u1ebfng, 6 ti\u1ebfng, 8 ti\u1ebfng","publisher":{"@id":"https:\/\/vdreamcruises.com\/#organization"},"alternateName":"Halong Day Tour - Halong daily Tour","potentialAction":[{"@type":"SearchAction","target":{"@type":"EntryPoint","urlTemplate":"https:\/\/vdreamcruises.com\/?s={search_term_string}"},"query-input":{"@type":"PropertyValueSpecification","valueRequired":true,"valueName":"search_term_string"}}],"inLanguage":"vi-VN"},{"@type":"Organization","@id":"https:\/\/vdreamcruises.com\/#organization","name":"V-Dream Cruises Official - Halong Day Tour - Halong Group Tour","alternateName":"Halong Daily Tour - Halong Cruise Day Tour","url":"https:\/\/vdreamcruises.com\/","logo":{"@type":"ImageObject","inLanguage":"vi-VN","@id":"https:\/\/vdreamcruises.com\/#\/schema\/logo\/image\/","url":"https:\/\/vdreamcruises.com\/wp-content\/uploads\/2023\/05\/logo160.png","contentUrl":"https:\/\/vdreamcruises.com\/wp-content\/uploads\/2023\/05\/logo160.png","width":450,"height":96,"caption":"V-Dream Cruises Official - Halong Day Tour - Halong Group Tour"},"image":{"@id":"https:\/\/vdreamcruises.com\/#\/schema\/logo\/image\/"},"sameAs":["https:\/\/www.facebook.com\/vdreamcruises"]}]}},"_links":{"self":[{"href":"https:\/\/vdreamcruises.com\/vi\/wp-json\/wp\/v2\/pages\/179","targetHints":{"allow":["GET"]}}],"collection":[{"href":"https:\/\/vdreamcruises.com\/vi\/wp-json\/wp\/v2\/pages"}],"about":[{"href":"https:\/\/vdreamcruises.com\/vi\/wp-json\/wp\/v2\/types\/page"}],"author":[{"embeddable":true,"href":"https:\/\/vdreamcruises.com\/vi\/wp-json\/wp\/v2\/users\/1"}],"replies":[{"embeddable":true,"href":"https:\/\/vdreamcruises.com\/vi\/wp-json\/wp\/v2\/comments?post=179"}],"version-history":[{"count":0,"href":"https:\/\/vdreamcruises.com\/vi\/wp-json\/wp\/v2\/pages\/179\/revisions"}],"wp:featuredmedia":[{"embeddable":true,"href":"https:\/\/vdreamcruises.com\/vi\/wp-json\/wp\/v2\/media\/380"}],"wp:attachment":[{"href":"https:\/\/vdreamcruises.com\/vi\/wp-json\/wp\/v2\/media?parent=179"}],"curies":[{"name":"wp","href":"https:\/\/api.w.org\/{rel}","templated":true}]}}